{"id":2,"date":"2010-12-27T20:40:31","date_gmt":"2010-12-27T20:40:31","guid":{"rendered":"http:\/\/www.ffhhh.be\/home\/?page_id=2"},"modified":"2021-02-01T12:28:52","modified_gmt":"2021-02-01T11:28:52","slug":"complete-discography","status":"publish","type":"page","link":"http:\/\/www.ffhhh.be\/home\/complete-discography\/","title":{"rendered":"Complete discography"},"content":{"rendered":"\n<p><\/p>\n\n\n<p>2021-01: Solah &#8211; for Sylvain (Tacom)<\/p>\n<p>2020-09: Solah &#8211; Toujours sans espoir (FF HHH)<br data-rich-text-line-break=\"true\" \/>2020-08: Solah (Studio Jambes)<br \/>2020-07: Martiensgohome &#8211; dans un sursaut de volont\u00e9 (Tanuki records)<\/p>\n<p>2018-06: Secte &#8211; Juin 2018 (FF HHH)<br \/>2018-03: Jesus is my son &#8211; Tout \u00e0 une fin (m\u00eame l&#8217;amour) (Cheap Satanism Records)<br \/>2018-03: Jesus is my son &#8211; D\u00e9sol\u00e9 (Lexi disques)<\/p>\n<p>2017-10: E42.A8 &#8211; Niobium (Tanuki Records)<br \/>2017-03: Jesus is my son &#8211; Faust et l&#8217;Enfer de Dante (Cheap Satanism Records)<\/p>\n<p>2016-08: Jesus is my son &#8211; SOLAH #2 (ini.itu)<br \/>2016-06: Zoho &#8211; Charleroi (Tanzprocesz)<\/p>\n<p>2015-05: Jesus is my son &#8211; Sacrifices Odieux revisited (FF HHH &#8211; Cheap Satanism Records)<br \/>2015-04: Derrick Baleze &#8211; Prairie, Maison, Campagne (FF HHH)<\/p>\n<p>2014-11: Zoho &#8211; Zaventem (RoHS Prod.)<\/p>\n<p>2013-07: Olivier Toulemonde &amp; Gr\u00e9gory Duby &#8211; 221 012 (Pendant que les champs br\u00fblent)<\/p>\n<p>2012-02: Jesus is my son &#8211; 1914-1918 (FF HHH)<br \/>2012-02: Olivier Toulemonde &amp; Gr\u00e9gory Duby &#8211; Die Krachquelle (FF HHH)<br \/>2012-02: Gr\u00e9gory Duby &#8211; Lorsque les hommes \u00e9pouseront des anges (Young girls records)<\/p>\n<p>2011-04: K-branding &#8211; Alliance (Humpty Dumpty)<\/p>\n<p>2010-12: Gr\u00e9gory Duby &#8211; I died in 1984 (FF HHH)<br \/>2010-03: Jesus is my son &#8211; Je suis Dieu (FF HHH)<br \/>2010-02: Gr\u00e9gory Duby &#8211; Naked Girl (MNOAD)<\/p>\n<p>2009-05: Gr\u00e9gory Duby &#8211; Souffrance (Aurrevoirrr)<br \/>2009-02: K-branding &#8211; Facial (Humpty Dumpty)<\/p>\n<p>2008-12: Gr\u00e9gory Duby &#8211; Propri\u00e9taire (FF HHH)<br \/>2008-06: K-branding &#8211; Les serpents ob\u00e8ses (FF HHH)<br \/>2008-02: Derrick Baleze &#8211; double album (FF HHH)<br \/>2008-01: Grgreowy &#8211; S\/T (Aurevoirrr)<\/p>\n<p>2007-04: K-branding &#8211; Hair cut (Young girls records)<\/p>\n<p>2006-07: Jesus is my son &#8211; Sacrifice Odieux (FF HHH)<br \/>2006-04: K-branding &#8211; Das Ding (FF HHH)<\/p>\n<p>2005-01: The Invisible Frog &#8211; Space make noise (Amanita)<\/p>\n<p>2004-12: The Invisible Frog &#8211; We are all repeaters (-)<br \/>2004-11: K-branding &#8211; S\/T (-)<\/p>\n<p>2003-09: The Invisible Frog &#8211; First Draft (-)<\/p>","protected":false},"excerpt":{"rendered":"<p>2021-01: Solah &#8211; for Sylvain (Tacom) 2020-09: Solah &#8211; Toujours sans espoir (FF HHH)2020-08: Solah (Studio Jambes)2020-07: Martiensgohome &#8211; dans un sursaut de volont\u00e9 (Tanuki records) 2018-06: Secte &#8211; Juin 2018 (FF HHH)2018-03: Jesus is my son &#8211; Tout \u00e0 une fin (m\u00eame l&#8217;amour) (Cheap Satanism Records)2018-03: Jesus is my son &#8211; D\u00e9sol\u00e9 (Lexi disques) &hellip; <a href=\"http:\/\/www.ffhhh.be\/home\/complete-discography\/\" class=\"more-link\">Continue reading <span class=\"screen-reader-text\">Complete discography<\/span> <span class=\"meta-nav\">&rarr;<\/span><\/a><\/p>\n","protected":false},"author":1,"featured_media":0,"parent":0,"menu_order":0,"comment_status":"closed","ping_status":"closed","template":"","meta":[],"_links":{"self":[{"href":"http:\/\/www.ffhhh.be\/home\/wp-json\/wp\/v2\/pages\/2"}],"collection":[{"href":"http:\/\/www.ffhhh.be\/home\/wp-json\/wp\/v2\/pages"}],"about":[{"href":"http:\/\/www.ffhhh.be\/home\/wp-json\/wp\/v2\/types\/page"}],"author":[{"embeddable":true,"href":"http:\/\/www.ffhhh.be\/home\/wp-json\/wp\/v2\/users\/1"}],"replies":[{"embeddable":true,"href":"http:\/\/www.ffhhh.be\/home\/wp-json\/wp\/v2\/comments?post=2"}],"version-history":[{"count":15,"href":"http:\/\/www.ffhhh.be\/home\/wp-json\/wp\/v2\/pages\/2\/revisions"}],"predecessor-version":[{"id":653,"href":"http:\/\/www.ffhhh.be\/home\/wp-json\/wp\/v2\/pages\/2\/revisions\/653"}],"wp:attachment":[{"href":"http:\/\/www.ffhhh.be\/home\/wp-json\/wp\/v2\/media?parent=2"}],"curies":[{"name":"wp","href":"https:\/\/api.w.org\/{rel}","templated":true}]}}